{"id":1003,"date":"2016-09-26T16:39:42","date_gmt":"2016-09-26T16:39:42","guid":{"rendered":"http:\/\/www.vwall.it\/?page_id=1003"},"modified":"2018-12-05T11:19:00","modified_gmt":"2018-12-05T11:19:00","slug":"informativa-cookies","status":"publish","type":"page","link":"https:\/\/www.vwall.it\/en\/informativa-cookies\/","title":{"rendered":"Informativa Cookies"},"content":{"rendered":"\n<style type=\"text\/css\" data-created_by=\"avia_inline_auto\" id=\"style-css-av-158jqjf-e91e75a232ec766bc6ff76a3fb57e8bf\">\n.flex_column.av-158jqjf-e91e75a232ec766bc6ff76a3fb57e8bf{\nborder-radius:0px 0px 0px 0px;\npadding:0px 0px 0px 0px;\n}\n<\/style>\n<div  class='flex_column av-158jqjf-e91e75a232ec766bc6ff76a3fb57e8bf av_one_full  avia-builder-el-0  el_before_av_textblock  avia-builder-el-first  first flex_column_div av-zero-column-padding  '     ><section  class='av_textblock_section av-1362mh7-462b3c733d1e211b52412ff04784025d '   itemscope=\"itemscope\" itemtype=\"https:\/\/schema.org\/CreativeWork\" ><div class='avia_textblock'  itemprop=\"text\" ><h1 style=\"text-align: center;\">INFORMATIVA COOKIES<\/h1>\n<\/div><\/section><\/div>\n<section  class='av_textblock_section av-11yh1uj-3f05aa24d7facf3cc14cbfdfe4391cb0 '   itemscope=\"itemscope\" itemtype=\"https:\/\/schema.org\/CreativeWork\" ><div class='avia_textblock'  itemprop=\"text\" ><p>I cookie sono stringhe di testo di piccole dimensioni che i siti visitati dall\u2019utente inviano al suo terminale (solitamente al browser), dove vengono memorizzati per essere poi ritrasmessi agli stessi siti alla successiva visita del medesimo utente.<\/p>\n<p>Nel corso della navigazione su un sito, l\u2019utente pu\u00f2 ricevere sul suo terminale anche cookie che vengono inviati da siti o da web server diversi (c.d. \u201c<em>terze parti\u201d<\/em>), sui quali possono risiedere alcuni elementi (quali, ad esempio, immagini, mappe, suoni, specifici link a pagine di altri domini) presenti sul sito che lo stesso sta visitando.<\/p>\n<p>L\u2019uso dei cookies di terze parti non \u00e8 controllato dal sito che ospita il servizio.<\/p>\n<p>Si precisa che, con riferimento ai cookie di terze parti, le finalit\u00e0 di tali cookie, le modalit\u00e0 relative al trattamento dei dati personali nonch\u00e9 quelle relative alle preferenze prestate dall\u2019utente rispetto ai cookie medesimi non sono determinate <a href=\"http:\/\/www.pmq.it\">www.pmq.it<\/a> bens\u00ec dal soggetto terzo che li fornisce.<\/p>\n<p>I cookie sono di tipologie differenti \u2013 con specifiche funzioni \u2013 che possiamo classificare come di seguito meglio specificato.<\/p>\n<\/div><\/section>\n\n<style type=\"text\/css\" data-created_by=\"avia_inline_auto\" id=\"style-css-av-z8jgjv-33402221853d2c70ef89afb53b8f0f9a\">\n#top .hr.hr-invisible.av-z8jgjv-33402221853d2c70ef89afb53b8f0f9a{\nheight:32px;\n}\n<\/style>\n<div  class='hr av-z8jgjv-33402221853d2c70ef89afb53b8f0f9a hr-invisible  avia-builder-el-3  el_after_av_textblock  el_before_av_textblock '><span class='hr-inner '><span class=\"hr-inner-style\"><\/span><\/span><\/div>\n<section  class='av_textblock_section av-xz0vcr-f1dba62d4fc423ae44ed73307ca082b0 '   itemscope=\"itemscope\" itemtype=\"https:\/\/schema.org\/CreativeWork\" ><div class='avia_textblock'  itemprop=\"text\" ><h2 style=\"text-align: center;\"><span style=\"color: #555555;\"><strong>Cookie tecnici di sessione e di navigazione.<\/strong><\/span><\/h2>\n<\/div><\/section>\n<section  class='av_textblock_section av-wqcaej-f540417887bb90a81852f5d9a7abc1e6 '   itemscope=\"itemscope\" itemtype=\"https:\/\/schema.org\/CreativeWork\" ><div class='avia_textblock'  itemprop=\"text\" ><p>L\u2019utilizzo di tali cookie non \u00e8 strumentale alla raccolta di dati personali dell\u2019utente, ma a migliorare la navigazione del sito.<\/p>\n<p>La loro disattivazione potrebbe comportare un non corretto funzionamento del sito.<\/p>\n<p>Per utilizzare questo tipo di cookie non \u00e8 necessario raccogliere preventivamente il consenso dell\u2019utente.<\/p>\n<\/div><\/section>\n\n<style type=\"text\/css\" data-created_by=\"avia_inline_auto\" id=\"style-css-av-u7v9bf-3161bcdbbf3e9573deb8de13c3ca39a3\">\n#top .hr.hr-invisible.av-u7v9bf-3161bcdbbf3e9573deb8de13c3ca39a3{\nheight:32px;\n}\n<\/style>\n<div  class='hr av-u7v9bf-3161bcdbbf3e9573deb8de13c3ca39a3 hr-invisible  avia-builder-el-6  el_after_av_textblock  el_before_av_textblock '><span class='hr-inner '><span class=\"hr-inner-style\"><\/span><\/span><\/div>\n<section  class='av_textblock_section av-t6to23-a5d71bfff5315617d611395634390feb '   itemscope=\"itemscope\" itemtype=\"https:\/\/schema.org\/CreativeWork\" ><div class='avia_textblock'  itemprop=\"text\" ><h2 style=\"text-align: center;\"><span style=\"color: #555555;\"><strong>Cookie tecnici e di funzionalit\u00e0.<\/strong><\/span><\/h2>\n<\/div><\/section>\n<section  class='av_textblock_section av-s1q463-de44b3c72aee984eb066183996ec56ee '   itemscope=\"itemscope\" itemtype=\"https:\/\/schema.org\/CreativeWork\" ><div class='avia_textblock'  itemprop=\"text\" ><p>L\u2019utilizzo di teli cookie \u00e8 funzionale alla navigazione delle pagine web del sito in relazione ad una serie di criteri determinati.<\/p>\n<p>Tale tipologia di cookie \u00e8 utilizzata al fine di ricordare alcune preferenze espresse dall\u2019utente, per esempio, le informazioni relativa alla lingua utilizzata dall\u2019utente per visualizzare i contenuti delle pagine web, ovvero per ricordare gli articoli presenti nel carrello virtuale dell\u2019utente, ecc. .<\/p>\n<p>Per utilizzare questo tipo di cookie non \u00e8 necessario raccogliere preventivamente il consenso dell\u2019utente.<\/p>\n<\/div><\/section>\n\n<style type=\"text\/css\" data-created_by=\"avia_inline_auto\" id=\"style-css-av-q2lo8r-479c940d3d4f6b0eafb62056f95ca661\">\n#top .hr.hr-invisible.av-q2lo8r-479c940d3d4f6b0eafb62056f95ca661{\nheight:32px;\n}\n<\/style>\n<div  class='hr av-q2lo8r-479c940d3d4f6b0eafb62056f95ca661 hr-invisible  avia-builder-el-9  el_after_av_textblock  el_before_av_textblock '><span class='hr-inner '><span class=\"hr-inner-style\"><\/span><\/span><\/div>\n<section  class='av_textblock_section av-oa2a9n-62df6aafc44c1e9b3fa4fbdb72f7c339 '   itemscope=\"itemscope\" itemtype=\"https:\/\/schema.org\/CreativeWork\" ><div class='avia_textblock'  itemprop=\"text\" ><h2 style=\"text-align: center;\"><span style=\"color: #555555;\"><strong>Cookie statistici e di analytics.<\/strong><\/span><\/h2>\n<\/div><\/section>\n<section  class='av_textblock_section av-mwbayj-49def1d0b4ec9d4442e6084e7e65e17a '   itemscope=\"itemscope\" itemtype=\"https:\/\/schema.org\/CreativeWork\" ><div class='avia_textblock'  itemprop=\"text\" ><p>L\u2019utilizzo di tali cookie \u00e8 funzionale alla raccolta delle informazioni in forma aggregata e per soli fini statistici sulle modalit\u00e0 di navigazione dell\u2019utente.<\/p>\n<p>Per utilizzare questo tipo di cookie \u00e8 necessario raccogliere preventivamente il consenso dell\u2019utente.<\/p>\n<\/div><\/section>\n\n<style type=\"text\/css\" data-created_by=\"avia_inline_auto\" id=\"style-css-av-k2qr5n-2532971f276c128a7f570b04806c4f69\">\n#top .hr.hr-invisible.av-k2qr5n-2532971f276c128a7f570b04806c4f69{\nheight:32px;\n}\n<\/style>\n<div  class='hr av-k2qr5n-2532971f276c128a7f570b04806c4f69 hr-invisible  avia-builder-el-12  el_after_av_textblock  el_before_av_textblock '><span class='hr-inner '><span class=\"hr-inner-style\"><\/span><\/span><\/div>\n<section  class='av_textblock_section av-jdfm8b-11613d4b2a3c54876fec199109cafd51 '   itemscope=\"itemscope\" itemtype=\"https:\/\/schema.org\/CreativeWork\" ><div class='avia_textblock'  itemprop=\"text\" ><h2 style=\"text-align: center;\"><span style=\"color: #555555;\"><strong>Cookie di profilazione e di pubblicit\u00e0.<\/strong><\/span><\/h2>\n<\/div><\/section>\n<section  class='av_textblock_section av-hagaaz-4e9d55373dc695876804fc8f572876e1 '   itemscope=\"itemscope\" itemtype=\"https:\/\/schema.org\/CreativeWork\" ><div class='avia_textblock'  itemprop=\"text\" ><p>L\u2019utilizzo di tali cookie \u00e8 funzionale all\u2019offerta di pubblicit\u00e0 pi\u00f9 vicina alle preferenze dell\u2019utente.<\/p>\n<p>Per utilizzare questo tipo di cookie \u00e8 necessario raccogliere preventivamente il consenso dell\u2019utente.<\/p>\n<p>Cookie tecnici per documentare il consenso dell\u2019utente.<\/p>\n<p>L\u2019utilizzo di tali cookie \u00e8 funzionale alla documentazione del consenso prestato dall\u2019utente al fine di utilizzare i cookie utilizzati dal sito <a href=\"http:\/\/www.pmq.it\">www.pmq.it<\/a> in modo da non riproporre all\u2019utente che ha gi\u00e0 prestato il consenso ulteriore richieste in occasione delle visite successive alla prima.<\/p>\n<p>Per utilizzare questo tipo di cookie non \u00e8 necessario raccogliere preventivamente il consenso dell\u2019utente.<\/p>\n<\/div><\/section>\n\n<style type=\"text\/css\" data-created_by=\"avia_inline_auto\" id=\"style-css-av-g8s6uz-18660f2f6bde2c26fa5fff0a38c291ad\">\n#top .hr.hr-invisible.av-g8s6uz-18660f2f6bde2c26fa5fff0a38c291ad{\nheight:32px;\n}\n<\/style>\n<div  class='hr av-g8s6uz-18660f2f6bde2c26fa5fff0a38c291ad hr-invisible  avia-builder-el-15  el_after_av_textblock  el_before_av_textblock '><span class='hr-inner '><span class=\"hr-inner-style\"><\/span><\/span><\/div>\n<section  class='av_textblock_section av-et04dn-27bab037cfcd6bb67994603442474646 '   itemscope=\"itemscope\" itemtype=\"https:\/\/schema.org\/CreativeWork\" ><div class='avia_textblock'  itemprop=\"text\" ><h2 style=\"text-align: center;\"><span style=\"color: #555555;\"><strong>Cookie utilizzati da questo sito web.<\/strong><\/span><\/h2>\n<\/div><\/section>\n<section  class='av_textblock_section av-crkqcb-10d58cf7c3744ae141fda7de65c71f56 '   itemscope=\"itemscope\" itemtype=\"https:\/\/schema.org\/CreativeWork\" ><div class='avia_textblock'  itemprop=\"text\" ><p>Il sito web <a href=\"http:\/\/www.pmq.it\">www.pmq.it<\/a> utilizza i seguenti tipi di cookies:<\/p>\n<\/div><\/section>\n\n<style type=\"text\/css\" data-created_by=\"avia_inline_auto\" id=\"style-css-av-beg97v-853ec83e1c81992a5f10454a71641bba\">\n#top .hr.hr-invisible.av-beg97v-853ec83e1c81992a5f10454a71641bba{\nheight:32px;\n}\n<\/style>\n<div  class='hr av-beg97v-853ec83e1c81992a5f10454a71641bba hr-invisible  avia-builder-el-18  el_after_av_textblock  el_before_av_textblock '><span class='hr-inner '><span class=\"hr-inner-style\"><\/span><\/span><\/div>\n<section  class='av_textblock_section av-9tmuyj-65d73a683ceeb71c71c68ba7284594da '   itemscope=\"itemscope\" itemtype=\"https:\/\/schema.org\/CreativeWork\" ><div class='avia_textblock'  itemprop=\"text\" ><h2 style=\"text-align: center;\"><span style=\"color: #555555;\"><strong>Cookie di sessione (tecnici).<\/strong><\/span><\/h2>\n<\/div><\/section>\n<section  class='av_textblock_section av-ta4az-b361dad0d237deeec9019915c9f64fdb '   itemscope=\"itemscope\" itemtype=\"https:\/\/schema.org\/CreativeWork\" ><div class='avia_textblock'  itemprop=\"text\" ><p>Questo sito utilizza cookie di sessione per gestire l\u2019autenticazione per la gestione del sito e per accedere alle aree riservate.<\/p>\n<p>L\u2019uso di cookie di sessione (che non vengono memorizzati in modo persistente sul computer dell\u2019utente e si eliminano con la chiusura del browser) \u00e8 strettamente limitato alla trasmissione di identificativi di sessione necessari per consentire la funzionalit\u00e0 di alcune aree del sito.<\/p>\n<p>Alcune funzionalit\u00e0 del sito, per esempio la spedizione di alcuni moduli di contatto o l\u2019accesso ad aree riservate non potranno essere utilizzate senza impostare i suddetti cookie.<\/p>\n<\/div><\/section>\n<section  class='av_textblock_section av-9tmuyj-13b71f7a329280bbad1e4689948af5a6 '   itemscope=\"itemscope\" itemtype=\"https:\/\/schema.org\/CreativeWork\" ><div class='avia_textblock'  itemprop=\"text\" ><h2 style=\"text-align: center;\"><span style=\"color: #555555;\"><strong>Cookies necessari di terze parti.<br \/>\n<\/strong><\/span><\/h2>\n<\/div><\/section>\n<section  class='av_textblock_section av-ta4az-b361dad0d237deeec9019915c9f64fdb '   itemscope=\"itemscope\" itemtype=\"https:\/\/schema.org\/CreativeWork\" ><div class='avia_textblock'  itemprop=\"text\" ><h4><strong>Cookies necessari di terze parti.<\/strong><\/h4>\n<p>I cookies con prefisso\u00a0<strong>apbct_<\/strong>\u00a0e\u00a0<strong>ct_<\/strong>\u00a0sono utilizzati dal sistema antispam CleanTalk per verificare l\u2019utente e proteggere il sito da sistemi automatici di invio SPAM. Per maggiori informazioni \u00e8 possibile visitare le relativa pagina del sito web di CleanTalk:\u00a0<a href=\"https:\/\/cleantalk.org\/publicoffer#privacy\">Privacy Policy<\/a><\/p>\n<\/div><\/section>\n\n<style type=\"text\/css\" data-created_by=\"avia_inline_auto\" id=\"style-css-av-5jodmz-17c2aa24ca418bab3a49aed1ddc4f203\">\n#top .hr.hr-invisible.av-5jodmz-17c2aa24ca418bab3a49aed1ddc4f203{\nheight:32px;\n}\n<\/style>\n<div  class='hr av-5jodmz-17c2aa24ca418bab3a49aed1ddc4f203 hr-invisible  avia-builder-el-23  el_after_av_textblock  el_before_av_textblock '><span class='hr-inner '><span class=\"hr-inner-style\"><\/span><\/span><\/div>\n<section  class='av_textblock_section av-4hnmy3-d62ead1ca79f9074fc7a7f969b7d82ad '   itemscope=\"itemscope\" itemtype=\"https:\/\/schema.org\/CreativeWork\" ><div class='avia_textblock'  itemprop=\"text\" ><h2 style=\"text-align: center;\"><span style=\"color: #555555;\"><strong>Come disabilitare i cookie (opt-out).<\/strong><\/span><\/h2>\n<\/div><\/section>\n<section  class='av_textblock_section av-2wt63v-8ee312ea4dd80b8aefe325b49c854ab8 '   itemscope=\"itemscope\" itemtype=\"https:\/\/schema.org\/CreativeWork\" ><div class='avia_textblock'  itemprop=\"text\" ><p>\u00c8 possibile negare il consenso all\u2019utilizzo dei cookie utilizzando l\u2019impostazione appropriata del proprio browser di navigazione.<\/p>\n<p>Di seguito forniamo i link alle pagine web che spiegano come disabilitare i cookie per i browser attualmente pi\u00f9 utilizzati:<\/p>\n<ul>\n<li><a href=\"https:\/\/support.mozilla.org\/it\/kb\/Gestione%20dei%20cookie\" rel=\"nofollow\">Firefox<\/a><\/li>\n<li><a href=\"https:\/\/support.microsoft.com\/it-it\/help\/17442\/windows-internet-explorer-delete-manage-cookies\" rel=\"nofollow\">Internet Explorer<\/a><\/li>\n<li><a href=\"https:\/\/support.google.com\/chrome\/answer\/95647?hl=it\" rel=\"nofollow\">Google Chrome<\/a><\/li>\n<li><a href=\"https:\/\/support.apple.com\/kb\/PH19214?viewlocale=it_IT&amp;locale=en_US\" rel=\"nofollow\">Safari<\/a><\/li>\n<li><a href=\"https:\/\/www.opera.com\/help\/tutorials\/security\/privacy\/\" rel=\"nofollow\">Opera<\/a><\/li>\n<\/ul>\n<p>Consigliamo all\u2019utente di visitare il sito <a href=\"http:\/\/www.aboutcookies.org\/\">http:\/\/www.aboutcookies.org\/<\/a> che contiene informazioni dettagliate su come disabilitare i cookie su una pi\u00f9 ampia variet\u00e0 di browser.<\/p>\n<p>Nel sito possono essere reperite anche informazioni dettagliate su come provvedere alla cancellazione dei cookie gi\u00f9 presenti sul vostro computer.<\/p>\n<p>Infine, \u00e8 possibile prendere visione dei cookies presenti sul proprio browser per il tracciamento delle attivit\u00e0 e\/o disattivarli tramite l\u2019apposita pagina web messa a disposizione dalla EDAA (European Interactive Digital Advertising):<a href=\"http:\/\/www.youronlinechoices.com\/it\/\">http:\/\/www.youronlinechoices.com\/it\/<\/a> .<\/p>\n<\/div><\/section>\n","protected":false},"excerpt":{"rendered":"","protected":false},"author":1,"featured_media":0,"parent":0,"menu_order":0,"comment_status":"closed","ping_status":"closed","template":"","meta":{"footnotes":""},"class_list":["post-1003","page","type-page","status-publish","hentry"],"yoast_head":"<!-- This site is optimized with the Yoast SEO plugin v27.4 - https:\/\/yoast.com\/product\/yoast-seo-wordpress\/ -->\n<title>Informativa Cookies - PMQ<\/title>\n<meta name=\"robots\" content=\"noindex, nofollow\" \/>\n<meta property=\"og:locale\" content=\"en_US\" \/>\n<meta property=\"og:type\" content=\"article\" \/>\n<meta property=\"og:title\" content=\"Informativa Cookies - PMQ\" \/>\n<meta property=\"og:url\" content=\"https:\/\/www.vwall.it\/informativa-cookies\/\" \/>\n<meta property=\"og:site_name\" content=\"PMQ\" \/>\n<meta property=\"article:modified_time\" content=\"2018-12-05T11:19:00+00:00\" \/>\n<meta name=\"twitter:card\" content=\"summary_large_image\" \/>\n<meta name=\"twitter:label1\" content=\"Est. reading time\" \/>\n\t<meta name=\"twitter:data1\" content=\"7 minutes\" \/>\n<script type=\"application\/ld+json\" class=\"yoast-schema-graph\">{\"@context\":\"https:\\\/\\\/schema.org\",\"@graph\":[{\"@type\":\"WebPage\",\"@id\":\"https:\\\/\\\/www.vwall.it\\\/informativa-cookies\\\/\",\"url\":\"https:\\\/\\\/www.vwall.it\\\/informativa-cookies\\\/\",\"name\":\"Informativa Cookies - PMQ\",\"isPartOf\":{\"@id\":\"https:\\\/\\\/www.vwall.it\\\/#website\"},\"datePublished\":\"2016-09-26T16:39:42+00:00\",\"dateModified\":\"2018-12-05T11:19:00+00:00\",\"breadcrumb\":{\"@id\":\"https:\\\/\\\/www.vwall.it\\\/informativa-cookies\\\/#breadcrumb\"},\"inLanguage\":\"en-US\",\"potentialAction\":[{\"@type\":\"ReadAction\",\"target\":[\"https:\\\/\\\/www.vwall.it\\\/informativa-cookies\\\/\"]}]},{\"@type\":\"BreadcrumbList\",\"@id\":\"https:\\\/\\\/www.vwall.it\\\/informativa-cookies\\\/#breadcrumb\",\"itemListElement\":[{\"@type\":\"ListItem\",\"position\":1,\"name\":\"Home\",\"item\":\"https:\\\/\\\/www.vwall.it\\\/en\\\/\"},{\"@type\":\"ListItem\",\"position\":2,\"name\":\"Informativa Cookies\"}]},{\"@type\":\"WebSite\",\"@id\":\"https:\\\/\\\/www.vwall.it\\\/#website\",\"url\":\"https:\\\/\\\/www.vwall.it\\\/\",\"name\":\"PMQ\",\"description\":\"Video Wall\",\"potentialAction\":[{\"@type\":\"SearchAction\",\"target\":{\"@type\":\"EntryPoint\",\"urlTemplate\":\"https:\\\/\\\/www.vwall.it\\\/?s={search_term_string}\"},\"query-input\":{\"@type\":\"PropertyValueSpecification\",\"valueRequired\":true,\"valueName\":\"search_term_string\"}}],\"inLanguage\":\"en-US\"}]}<\/script>\n<!-- \/ Yoast SEO plugin. -->","yoast_head_json":{"title":"Informativa Cookies - PMQ","robots":{"index":"noindex","follow":"nofollow"},"og_locale":"en_US","og_type":"article","og_title":"Informativa Cookies - PMQ","og_url":"https:\/\/www.vwall.it\/informativa-cookies\/","og_site_name":"PMQ","article_modified_time":"2018-12-05T11:19:00+00:00","twitter_card":"summary_large_image","twitter_misc":{"Est. reading time":"7 minutes"},"schema":{"@context":"https:\/\/schema.org","@graph":[{"@type":"WebPage","@id":"https:\/\/www.vwall.it\/informativa-cookies\/","url":"https:\/\/www.vwall.it\/informativa-cookies\/","name":"Informativa Cookies - PMQ","isPartOf":{"@id":"https:\/\/www.vwall.it\/#website"},"datePublished":"2016-09-26T16:39:42+00:00","dateModified":"2018-12-05T11:19:00+00:00","breadcrumb":{"@id":"https:\/\/www.vwall.it\/informativa-cookies\/#breadcrumb"},"inLanguage":"en-US","potentialAction":[{"@type":"ReadAction","target":["https:\/\/www.vwall.it\/informativa-cookies\/"]}]},{"@type":"BreadcrumbList","@id":"https:\/\/www.vwall.it\/informativa-cookies\/#breadcrumb","itemListElement":[{"@type":"ListItem","position":1,"name":"Home","item":"https:\/\/www.vwall.it\/en\/"},{"@type":"ListItem","position":2,"name":"Informativa Cookies"}]},{"@type":"WebSite","@id":"https:\/\/www.vwall.it\/#website","url":"https:\/\/www.vwall.it\/","name":"PMQ","description":"Video Wall","potentialAction":[{"@type":"SearchAction","target":{"@type":"EntryPoint","urlTemplate":"https:\/\/www.vwall.it\/?s={search_term_string}"},"query-input":{"@type":"PropertyValueSpecification","valueRequired":true,"valueName":"search_term_string"}}],"inLanguage":"en-US"}]}},"_links":{"self":[{"href":"https:\/\/www.vwall.it\/en\/wp-json\/wp\/v2\/pages\/1003","targetHints":{"allow":["GET"]}}],"collection":[{"href":"https:\/\/www.vwall.it\/en\/wp-json\/wp\/v2\/pages"}],"about":[{"href":"https:\/\/www.vwall.it\/en\/wp-json\/wp\/v2\/types\/page"}],"author":[{"embeddable":true,"href":"https:\/\/www.vwall.it\/en\/wp-json\/wp\/v2\/users\/1"}],"replies":[{"embeddable":true,"href":"https:\/\/www.vwall.it\/en\/wp-json\/wp\/v2\/comments?post=1003"}],"version-history":[{"count":0,"href":"https:\/\/www.vwall.it\/en\/wp-json\/wp\/v2\/pages\/1003\/revisions"}],"wp:attachment":[{"href":"https:\/\/www.vwall.it\/en\/wp-json\/wp\/v2\/media?parent=1003"}],"curies":[{"name":"wp","href":"https:\/\/api.w.org\/{rel}","templated":true}]}}